{"id":5274,"date":"2025-12-10T12:25:35","date_gmt":"2025-12-10T11:25:35","guid":{"rendered":"https:\/\/kowatschitsch.com\/?page_id=5274"},"modified":"2026-02-21T07:06:54","modified_gmt":"2026-02-21T06:06:54","slug":"home1225-3","status":"publish","type":"page","link":"https:\/\/kowatschitsch.com\/","title":{"rendered":"Home1225-3"},"content":{"rendered":"\t\t<div data-elementor-type=\"wp-page\" data-elementor-id=\"5274\" class=\"elementor elementor-5274\" data-elementor-post-type=\"page\">\n\t\t\t\t<div class=\"elementor-element elementor-element-1f9a54d e-con-full e-flex e-con e-parent\" data-id=\"1f9a54d\" data-element_type=\"container\" data-e-type=\"container\" data-settings=\"{&quot;background_background&quot;:&quot;video&quot;,&quot;background_video_link&quot;:&quot;https:\\\/\\\/kowatschitsch.com\\\/wp-content\\\/uploads\\\/2026\\\/01\\\/3796261-hd_2048_1080_25fps_kor2.mp4&quot;}\">\n\t\t<div class=\"elementor-background-video-container elementor-hidden-mobile\">\n\t\t\t\t\t\t\t<video class=\"elementor-background-video-hosted\" role=\"presentation\" autoplay muted playsinline loop><\/video>\n\t\t\t\t\t<\/div>\t\t<div class=\"elementor-element elementor-element-d5ace0d elementor-widget elementor-widget-text-editor\" data-id=\"d5ace0d\" data-element_type=\"widget\" data-e-type=\"widget\" data-widget_type=\"text-editor.default\">\n\t\t\t\t<div class=\"elementor-widget-container\">\n\t\t\t\t\t\t\t\t\t<p>Oliver Wendell Holmes, Sr. (1809 &#8211; 1894), US-amerikanischer Arzt und Essayist<\/p>\t\t\t\t\t\t\t\t<\/div>\n\t\t\t\t<\/div>\n\t\t\t\t<div class=\"elementor-element elementor-element-a1f2434 elementor-widget elementor-widget-text-editor\" data-id=\"a1f2434\" data-element_type=\"widget\" data-e-type=\"widget\" data-widget_type=\"text-editor.default\">\n\t\t\t\t<div class=\"elementor-widget-container\">\n\t\t\t\t\t\t\t\t\t<p>Menschen h\u00f6ren nicht auf zu spielen, weil sie alt werden,<\/p><p>sie werden alt, weil sie aufh\u00f6ren zu spielen<\/p>\t\t\t\t\t\t\t\t<\/div>\n\t\t\t\t<\/div>\n\t\t\t\t<\/div>\n\t\t<div class=\"elementor-element elementor-element-6ef4dc5 e-con-full e-flex e-con e-parent\" data-id=\"6ef4dc5\" data-element_type=\"container\" data-e-type=\"container\" data-settings=\"{&quot;background_background&quot;:&quot;classic&quot;,&quot;sticky_on&quot;:[&quot;desktop&quot;,&quot;tablet&quot;],&quot;sticky&quot;:&quot;top&quot;,&quot;sticky_offset&quot;:0,&quot;sticky_effects_offset&quot;:0,&quot;sticky_anchor_link_offset&quot;:0}\">\n\t\t<div class=\"elementor-element elementor-element-269fd16 e-flex e-con-boxed e-con e-child\" data-id=\"269fd16\" data-element_type=\"container\" data-e-type=\"container\" data-settings=\"{&quot;background_background&quot;:&quot;classic&quot;}\">\n\t\t\t\t\t<div class=\"e-con-inner\">\n\t\t<div class=\"elementor-element elementor-element-c566c05 e-con-full e-flex e-con e-child\" data-id=\"c566c05\" data-element_type=\"container\" data-e-type=\"container\">\n\t\t\t\t<div class=\"elementor-element elementor-element-4c41c0e elementor-widget elementor-widget-text-editor\" data-id=\"4c41c0e\" data-element_type=\"widget\" data-e-type=\"widget\" data-widget_type=\"text-editor.default\">\n\t\t\t\t<div class=\"elementor-widget-container\">\n\t\t\t\t\t\t\t\t\t<p><strong>FLUXUS<\/strong><\/p><p>Alexander Kowatschitsch<\/p>\t\t\t\t\t\t\t\t<\/div>\n\t\t\t\t<\/div>\n\t\t\t\t<div class=\"elementor-element elementor-element-30461e6 elementor-widget elementor-widget-text-editor\" data-id=\"30461e6\" data-element_type=\"widget\" data-e-type=\"widget\" data-widget_type=\"text-editor.default\">\n\t\t\t\t<div class=\"elementor-widget-container\">\n\t\t\t\t\t\t\t\t\t<p>under construction<\/p>\t\t\t\t\t\t\t\t<\/div>\n\t\t\t\t<\/div>\n\t\t\t\t<\/div>\n\t\t<div class=\"elementor-element elementor-element-57ac1f9 e-con-full e-flex e-con e-child\" data-id=\"57ac1f9\" data-element_type=\"container\" data-e-type=\"container\">\n\t\t\t\t<div class=\"elementor-element elementor-element-3f5374a elementor-align-right elementor-widget elementor-widget-button\" data-id=\"3f5374a\" data-element_type=\"widget\" data-e-type=\"widget\" data-widget_type=\"button.default\">\n\t\t\t\t<div class=\"elementor-widget-container\">\n\t\t\t\t\t\t\t\t\t<div class=\"elementor-button-wrapper\">\n\t\t\t\t\t<a class=\"elementor-button elementor-button-link elementor-size-sm\" href=\"#\">\n\t\t\t\t\t\t<span class=\"elementor-button-content-wrapper\">\n\t\t\t\t\t\t<span class=\"elementor-button-icon\">\n\t\t\t\t<svg aria-hidden=\"true\" class=\"e-font-icon-svg e-fas-bars\" viewBox=\"0 0 448 512\" xmlns=\"http:\/\/www.w3.org\/2000\/svg\"><path d=\"M16 132h416c8.837 0 16-7.163 16-16V76c0-8.837-7.163-16-16-16H16C7.163 60 0 67.163 0 76v40c0 8.837 7.163 16 16 16zm0 160h416c8.837 0 16-7.163 16-16v-40c0-8.837-7.163-16-16-16H16c-8.837 0-16 7.163-16 16v40c0 8.837 7.163 16 16 16zm0 160h416c8.837 0 16-7.163 16-16v-40c0-8.837-7.163-16-16-16H16c-8.837 0-16 7.163-16 16v40c0 8.837 7.163 16 16 16z\"><\/path><\/svg>\t\t\t<\/span>\n\t\t\t\t\t\t\t\t<\/span>\n\t\t\t\t\t<\/a>\n\t\t\t\t<\/div>\n\t\t\t\t\t\t\t\t<\/div>\n\t\t\t\t<\/div>\n\t\t\t\t<\/div>\n\t\t\t\t\t<\/div>\n\t\t\t\t<\/div>\n\t\t\t\t<\/div>\n\t\t<div class=\"elementor-element elementor-element-89f476f e-con-full elementor-hidden-desktop elementor-hidden-tablet elementor-hidden-mobile e-flex e-con e-parent\" data-id=\"89f476f\" data-element_type=\"container\" data-e-type=\"container\" data-settings=\"{&quot;background_background&quot;:&quot;classic&quot;}\">\n\t\t<div class=\"elementor-element elementor-element-1004599 e-flex e-con-boxed e-con e-child\" data-id=\"1004599\" data-element_type=\"container\" data-e-type=\"container\" data-settings=\"{&quot;background_background&quot;:&quot;classic&quot;}\">\n\t\t\t\t\t<div class=\"e-con-inner\">\n\t\t<div class=\"elementor-element elementor-element-de189e9 e-con-full e-flex e-con e-child\" data-id=\"de189e9\" data-element_type=\"container\" data-e-type=\"container\">\n\t\t\t\t<\/div>\n\t\t<div class=\"elementor-element elementor-element-8108a18 e-con-full e-flex e-con e-child\" data-id=\"8108a18\" data-element_type=\"container\" data-e-type=\"container\" data-settings=\"{&quot;background_background&quot;:&quot;classic&quot;}\">\n\t\t\t\t<div class=\"elementor-element elementor-element-f5dc605 elementor-widget elementor-widget-text-editor\" data-id=\"f5dc605\" data-element_type=\"widget\" data-e-type=\"widget\" data-widget_type=\"text-editor.default\">\n\t\t\t\t<div class=\"elementor-widget-container\">\n\t\t\t\t\t\t\t\t\t<p>Menschen h\u00f6ren nicht auf zu spielen,<\/p><p>weil sie alt werden, sie werden alt,<\/p><p>weil sie aufh\u00f6ren zu spielen!<\/p><p><strong>Oliver Wendell Holmes, Sr<\/strong> (1809 &#8211; 1894),<\/p><p>US-amerikanischer Arzt und Essayist<\/p>\t\t\t\t\t\t\t\t<\/div>\n\t\t\t\t<\/div>\n\t\t\t\t<\/div>\n\t\t\t\t\t<\/div>\n\t\t\t\t<\/div>\n\t\t<div class=\"elementor-element elementor-element-4f306f5 e-flex e-con-boxed e-con e-child\" data-id=\"4f306f5\" data-element_type=\"container\" data-e-type=\"container\" data-settings=\"{&quot;background_background&quot;:&quot;classic&quot;}\">\n\t\t\t\t\t<div class=\"e-con-inner\">\n\t\t<div class=\"elementor-element elementor-element-ab75e79 e-con-full e-flex e-con e-child\" data-id=\"ab75e79\" data-element_type=\"container\" data-e-type=\"container\">\n\t\t\t\t<div class=\"elementor-element elementor-element-31dd282 elementor-widget elementor-widget-text-editor\" data-id=\"31dd282\" data-element_type=\"widget\" data-e-type=\"widget\" data-widget_type=\"text-editor.default\">\n\t\t\t\t<div class=\"elementor-widget-container\">\n\t\t\t\t\t\t\t\t\t<p><strong>GRAFIK-DESIGN<\/strong> <em>&amp; Kunst<\/em><\/p>\t\t\t\t\t\t\t\t<\/div>\n\t\t\t\t<\/div>\n\t\t\t\t<\/div>\n\t\t<div class=\"elementor-element elementor-element-5a22082 e-con-full e-flex e-con e-child\" data-id=\"5a22082\" data-element_type=\"container\" data-e-type=\"container\">\n\t\t\t\t<div class=\"elementor-element elementor-element-35ff51c elementor-widget elementor-widget-text-editor\" data-id=\"35ff51c\" data-element_type=\"widget\" data-e-type=\"widget\" data-widget_type=\"text-editor.default\">\n\t\t\t\t<div class=\"elementor-widget-container\">\n\t\t\t\t\t\t\t\t\t<p><em>\u201eVerwechseln Sie nicht Lesbarkeit mit Kommunikation.<\/em><\/p><p><em>\u00a0Nur weil etwas lesbar ist, bedeutet das nicht, dass es etwas kommuniziert<\/em><\/p><p><em>\u00a0und noch viel wichtiger, es bedeutet nicht, dass es das Richtige kommuniziert.\u201c<\/em><\/p>\t\t\t\t\t\t\t\t<\/div>\n\t\t\t\t<\/div>\n\t\t\t\t<div class=\"elementor-element elementor-element-7e8d488 elementor-widget elementor-widget-text-editor\" data-id=\"7e8d488\" data-element_type=\"widget\" data-e-type=\"widget\" data-widget_type=\"text-editor.default\">\n\t\t\t\t<div class=\"elementor-widget-container\">\n\t\t\t\t\t\t\t\t\t<p>David Carson, Designer<\/p>\t\t\t\t\t\t\t\t<\/div>\n\t\t\t\t<\/div>\n\t\t\t\t<div class=\"elementor-element elementor-element-7c5ac0b elementor-widget elementor-widget-spacer\" data-id=\"7c5ac0b\" data-element_type=\"widget\" data-e-type=\"widget\" data-widget_type=\"spacer.default\">\n\t\t\t\t<div class=\"elementor-widget-container\">\n\t\t\t\t\t\t\t<div class=\"elementor-spacer\">\n\t\t\t<div class=\"elementor-spacer-inner\"><\/div>\n\t\t<\/div>\n\t\t\t\t\t\t<\/div>\n\t\t\t\t<\/div>\n\t\t\t\t<div class=\"elementor-element elementor-element-be8782a elementor-widget elementor-widget-text-editor\" data-id=\"be8782a\" data-element_type=\"widget\" data-e-type=\"widget\" data-widget_type=\"text-editor.default\">\n\t\t\t\t<div class=\"elementor-widget-container\">\n\t\t\t\t\t\t\t\t\t<p>Am ab illorporest, offictus quam ium rendunt a ipicips aperibus, siti doloribus magnam dem seque molorerum adi ipidend iciusap idelliq uosam, atur? Quid est as ratur, ut quiam qui alit ipsum aut eveniae explit, ventempores et im faceatio min et perem re et labore nonsed quam, voloritatest repudi consequosam reperum que vollabo rundele sciunt et mosandempos dolorem faceaquia nus nobita que sit vernat dolut volut et volo maxima venis aut est es aliquibus et veniametur aut re, sunt.\u00a0<span style=\"letter-spacing: 0px; text-align: var(--text-align);\">Udi dolorum audist, omnis aut eosam in rempos volorep tatusda dus aspel et que int que venis aut latur, ut ariatemped quis sume nisciendebit is rehenda sit quam, corem isinctu ribus.<\/span><\/p>\t\t\t\t\t\t\t\t<\/div>\n\t\t\t\t<\/div>\n\t\t\t\t<div class=\"elementor-element elementor-element-5f04312 elementor-widget elementor-widget-text-editor\" data-id=\"5f04312\" data-element_type=\"widget\" data-e-type=\"widget\" data-widget_type=\"text-editor.default\">\n\t\t\t\t<div class=\"elementor-widget-container\">\n\t\t\t\t\t\t\t\t\t<p><span style=\"text-decoration: underline;\">zu den Arbeiten<\/span><\/p>\t\t\t\t\t\t\t\t<\/div>\n\t\t\t\t<\/div>\n\t\t\t\t<\/div>\n\t\t\t\t\t<\/div>\n\t\t\t\t<\/div>\n\t\t<div class=\"elementor-element elementor-element-89f8ceb e-flex e-con-boxed e-con e-child\" data-id=\"89f8ceb\" data-element_type=\"container\" data-e-type=\"container\" data-settings=\"{&quot;background_background&quot;:&quot;classic&quot;}\">\n\t\t\t\t\t<div class=\"e-con-inner\">\n\t\t<div class=\"elementor-element elementor-element-9cce734 e-con-full e-flex e-con e-child\" data-id=\"9cce734\" data-element_type=\"container\" data-e-type=\"container\">\n\t\t\t\t<div class=\"elementor-element elementor-element-1166e94 elementor-widget elementor-widget-text-editor\" data-id=\"1166e94\" data-element_type=\"widget\" data-e-type=\"widget\" data-widget_type=\"text-editor.default\">\n\t\t\t\t<div class=\"elementor-widget-container\">\n\t\t\t\t\t\t\t\t\t<p><strong>ART-BRUT<\/strong>\u00a0<\/p>\t\t\t\t\t\t\t\t<\/div>\n\t\t\t\t<\/div>\n\t\t\t\t<\/div>\n\t\t<div class=\"elementor-element elementor-element-517f648 e-con-full e-flex e-con e-child\" data-id=\"517f648\" data-element_type=\"container\" data-e-type=\"container\">\n\t\t\t\t<div class=\"elementor-element elementor-element-bd05295 elementor-widget elementor-widget-text-editor\" data-id=\"bd05295\" data-element_type=\"widget\" data-e-type=\"widget\" data-widget_type=\"text-editor.default\">\n\t\t\t\t<div class=\"elementor-widget-container\">\n\t\t\t\t\t\t\t\t\t<p>Am ab illorporest, offictus quam ium rendunt a ipicips aperibus, siti doloribus magnam dem seque molorerum adi ipidend iciusap idelliq uosam, atur? Quid est as ratur, ut quiam qui alit ipsum aut eveniae explit, ventempores et im faceatio min et perem re et labore nonsed quam, voloritatest repudi consequosam reperum que vollabo rundele sciunt et mosandempos dolorem faceaquia nus nobita que sit vernat dolut volut et volo maxima venis aut est es aliquibus et veniametur aut re, sunt.\u00a0<span style=\"letter-spacing: 0px; text-align: var(--text-align);\">Udi dolorum audist, omnis aut eosam in rempos volorep tatusda dus aspel et que int que venis aut latur, ut ariatemped quis sume nisciendebit is rehenda sit quam, corem isinctu ribus.<\/span><\/p>\t\t\t\t\t\t\t\t<\/div>\n\t\t\t\t<\/div>\n\t\t\t\t<div class=\"elementor-element elementor-element-8aae7e0 elementor-widget elementor-widget-text-editor\" data-id=\"8aae7e0\" data-element_type=\"widget\" data-e-type=\"widget\" data-widget_type=\"text-editor.default\">\n\t\t\t\t<div class=\"elementor-widget-container\">\n\t\t\t\t\t\t\t\t\t<p><span style=\"text-decoration: underline;\">zu den Arbeiten<\/span><\/p>\t\t\t\t\t\t\t\t<\/div>\n\t\t\t\t<\/div>\n\t\t\t\t<\/div>\n\t\t\t\t\t<\/div>\n\t\t\t\t<\/div>\n\t\t<div class=\"elementor-element elementor-element-5647fae e-flex e-con-boxed e-con e-child\" data-id=\"5647fae\" data-element_type=\"container\" data-e-type=\"container\" data-settings=\"{&quot;background_background&quot;:&quot;classic&quot;}\">\n\t\t\t\t\t<div class=\"e-con-inner\">\n\t\t<div class=\"elementor-element elementor-element-cbd06e8 e-con-full e-flex e-con e-child\" data-id=\"cbd06e8\" data-element_type=\"container\" data-e-type=\"container\">\n\t\t\t\t<div class=\"elementor-element elementor-element-e6b03f7 elementor-widget elementor-widget-text-editor\" data-id=\"e6b03f7\" data-element_type=\"widget\" data-e-type=\"widget\" data-widget_type=\"text-editor.default\">\n\t\t\t\t<div class=\"elementor-widget-container\">\n\t\t\t\t\t\t\t\t\t<p><strong>PSYCHOSOZIALE-BERATUNG<\/strong> <em>&amp; Supervision<\/em><\/p>\t\t\t\t\t\t\t\t<\/div>\n\t\t\t\t<\/div>\n\t\t\t\t<\/div>\n\t\t<div class=\"elementor-element elementor-element-d9d2d7c e-con-full e-flex e-con e-child\" data-id=\"d9d2d7c\" data-element_type=\"container\" data-e-type=\"container\">\n\t\t\t\t<div class=\"elementor-element elementor-element-2c09bd5 elementor-widget elementor-widget-text-editor\" data-id=\"2c09bd5\" data-element_type=\"widget\" data-e-type=\"widget\" data-widget_type=\"text-editor.default\">\n\t\t\t\t<div class=\"elementor-widget-container\">\n\t\t\t\t\t\t\t\t\t<p>Am ab illorporest, offictus quam ium rendunt a ipicips aperibus, siti doloribus magnam dem seque molorerum adi ipidend iciusap idelliq uosam, atur? Quid est as ratur, ut quiam qui alit ipsum aut eveniae explit, ventempores et im faceatio min et perem re et labore nonsed quam, voloritatest repudi consequosam reperum que vollabo rundele sciunt et mosandempos dolorem faceaquia nus nobita que sit vernat dolut volut et volo maxima venis aut est es aliquibus et veniametur aut re, sunt.\u00a0<span style=\"letter-spacing: 0px; text-align: var(--text-align);\">Udi dolorum audist, omnis aut eosam in rempos volorep tatusda dus aspel et que int que venis aut latur, ut ariatemped quis sume nisciendebit is rehenda sit quam, corem isinctu ribus.<\/span><\/p>\t\t\t\t\t\t\t\t<\/div>\n\t\t\t\t<\/div>\n\t\t\t\t<div class=\"elementor-element elementor-element-34ec083 elementor-widget elementor-widget-text-editor\" data-id=\"34ec083\" data-element_type=\"widget\" data-e-type=\"widget\" data-widget_type=\"text-editor.default\">\n\t\t\t\t<div class=\"elementor-widget-container\">\n\t\t\t\t\t\t\t\t\t<p><span style=\"text-decoration: underline;\">mehr Informationen<\/span><\/p>\t\t\t\t\t\t\t\t<\/div>\n\t\t\t\t<\/div>\n\t\t\t\t<\/div>\n\t\t\t\t\t<\/div>\n\t\t\t\t<\/div>\n\t\t<div class=\"elementor-element elementor-element-a3b1d6d e-flex e-con-boxed e-con e-child\" data-id=\"a3b1d6d\" data-element_type=\"container\" data-e-type=\"container\" data-settings=\"{&quot;background_background&quot;:&quot;classic&quot;}\">\n\t\t\t\t\t<div class=\"e-con-inner\">\n\t\t<div class=\"elementor-element elementor-element-9c69efc e-con-full e-flex e-con e-child\" data-id=\"9c69efc\" data-element_type=\"container\" data-e-type=\"container\">\n\t\t\t\t<div class=\"elementor-element elementor-element-2451aa5 elementor-widget elementor-widget-text-editor\" data-id=\"2451aa5\" data-element_type=\"widget\" data-e-type=\"widget\" data-widget_type=\"text-editor.default\">\n\t\t\t\t<div class=\"elementor-widget-container\">\n\t\t\t\t\t\t\t\t\t<p><b>WORKSHOPS&#8230;<\/b><\/p>\t\t\t\t\t\t\t\t<\/div>\n\t\t\t\t<\/div>\n\t\t\t\t<\/div>\n\t\t<div class=\"elementor-element elementor-element-7268c70 e-con-full e-flex e-con e-child\" data-id=\"7268c70\" data-element_type=\"container\" data-e-type=\"container\">\n\t\t\t\t<div class=\"elementor-element elementor-element-a688935 elementor-widget elementor-widget-text-editor\" data-id=\"a688935\" data-element_type=\"widget\" data-e-type=\"widget\" data-widget_type=\"text-editor.default\">\n\t\t\t\t<div class=\"elementor-widget-container\">\n\t\t\t\t\t\t\t\t\t<p>Am ab illorporest, offictus quam ium rendunt a ipicips aperibus, siti doloribus magnam dem seque molorerum adi ipidend iciusap idelliq uosam, atur? Quid est as ratur, ut quiam qui alit ipsum aut eveniae explit, ventempores et im faceatio min et perem re et labore nonsed quam, voloritatest repudi consequosam reperum que vollabo rundele sciunt et mosandempos dolorem faceaquia nus nobita que sit vernat dolut volut et volo maxima venis aut est es aliquibus et veniametur aut re, sunt.\u00a0<span style=\"letter-spacing: 0px; text-align: var(--text-align);\">Udi dolorum audist, omnis aut eosam in rempos volorep tatusda dus aspel et que int que venis aut latur, ut ariatemped quis sume nisciendebit is rehenda sit quam, corem isinctu ribus.<\/span><\/p>\t\t\t\t\t\t\t\t<\/div>\n\t\t\t\t<\/div>\n\t\t\t\t<div class=\"elementor-element elementor-element-c015dfc elementor-widget elementor-widget-text-editor\" data-id=\"c015dfc\" data-element_type=\"widget\" data-e-type=\"widget\" data-widget_type=\"text-editor.default\">\n\t\t\t\t<div class=\"elementor-widget-container\">\n\t\t\t\t\t\t\t\t\t<p><span style=\"text-decoration: underline;\">mehr Informationen &amp; Termine<\/span><\/p>\t\t\t\t\t\t\t\t<\/div>\n\t\t\t\t<\/div>\n\t\t\t\t<\/div>\n\t\t\t\t\t<\/div>\n\t\t\t\t<\/div>\n\t\t\t\t<\/div>\n\t\t<div class=\"elementor-element elementor-element-813716b e-con-full elementor-hidden-desktop elementor-hidden-tablet elementor-hidden-mobile e-flex e-con e-parent\" data-id=\"813716b\" data-element_type=\"container\" data-e-type=\"container\" data-settings=\"{&quot;background_background&quot;:&quot;video&quot;,&quot;background_video_link&quot;:&quot;https:\\\/\\\/kowatschitsch.com\\\/wp-content\\\/uploads\\\/2025\\\/12\\\/8477706-hd_1920_1080_25fps.mp4&quot;}\">\n\t\t<div class=\"elementor-background-video-container elementor-hidden-mobile\">\n\t\t\t\t\t\t\t<video class=\"elementor-background-video-hosted\" role=\"presentation\" autoplay muted playsinline loop><\/video>\n\t\t\t\t\t<\/div>\t\t<\/div>\n\t\t<div class=\"elementor-element elementor-element-43ec514 e-con-full elementor-hidden-desktop elementor-hidden-tablet elementor-hidden-mobile e-flex e-con e-parent\" data-id=\"43ec514\" data-element_type=\"container\" data-e-type=\"container\" data-settings=\"{&quot;background_background&quot;:&quot;classic&quot;}\">\n\t\t<div class=\"elementor-element elementor-element-35ffd0a e-flex e-con-boxed e-con e-child\" data-id=\"35ffd0a\" data-element_type=\"container\" data-e-type=\"container\" data-settings=\"{&quot;background_background&quot;:&quot;classic&quot;}\">\n\t\t\t\t\t<div class=\"e-con-inner\">\n\t\t\t\t<div class=\"elementor-element elementor-element-f5522ff elementor-widget elementor-widget-text-editor\" data-id=\"f5522ff\" data-element_type=\"widget\" data-e-type=\"widget\" data-widget_type=\"text-editor.default\">\n\t\t\t\t<div class=\"elementor-widget-container\">\n\t\t\t\t\t\t\t\t\t<p><strong>\u00dcBER<\/strong><\/p>\t\t\t\t\t\t\t\t<\/div>\n\t\t\t\t<\/div>\n\t\t\t\t\t<\/div>\n\t\t\t\t<\/div>\n\t\t<div class=\"elementor-element elementor-element-806c637 e-flex e-con-boxed e-con e-child\" data-id=\"806c637\" data-element_type=\"container\" data-e-type=\"container\" data-settings=\"{&quot;background_background&quot;:&quot;classic&quot;}\">\n\t\t\t\t\t<div class=\"e-con-inner\">\n\t\t<div class=\"elementor-element elementor-element-85f454c e-con-full e-flex e-con e-child\" data-id=\"85f454c\" data-element_type=\"container\" data-e-type=\"container\">\n\t\t\t\t<div class=\"elementor-element elementor-element-c8f56e4 elementor-widget elementor-widget-text-editor\" data-id=\"c8f56e4\" data-element_type=\"widget\" data-e-type=\"widget\" data-widget_type=\"text-editor.default\">\n\t\t\t\t<div class=\"elementor-widget-container\">\n\t\t\t\t\t\t\t\t\t<p>In der Vergangenheit betreute Kunden wie:<\/p>\t\t\t\t\t\t\t\t<\/div>\n\t\t\t\t<\/div>\n\t\t\t\t<\/div>\n\t\t<div class=\"elementor-element elementor-element-46a6262 e-con-full e-flex e-con e-child\" data-id=\"46a6262\" data-element_type=\"container\" data-e-type=\"container\">\n\t\t\t\t<div class=\"elementor-element elementor-element-c16f03a elementor-widget elementor-widget-text-editor\" data-id=\"c16f03a\" data-element_type=\"widget\" data-e-type=\"widget\" data-widget_type=\"text-editor.default\">\n\t\t\t\t<div class=\"elementor-widget-container\">\n\t\t\t\t\t\t\t\t\t<p>Bank Austria, Easy Bank, V-Bank, Mastercard, Mazda, Peugeot, Kia, Mediamarkt, Saturn, Kika, Cosmos, Kleiderbauer, Wifi, Wiener Festwochen, Julius Meinl, Bosch, Bunderpressedienst, Rauch, IKEA, Kurier, Kleine Zeitung, Der Standard, Mobilkom Austria A1, ONE, Peugeot, DM, WSK-Bank, TUI, Paysavecard, Bundeskurie \u00c4rzte, Hofer, Klima Aktiv, VOR, Volvo, Wienerberger, EPA-Media, Post, Telekom, Cosmos, Saturn, Media Markt, Metro, BEWAG, BEGAS, Samsung, Novartis, TUI, Stadttheater Wiener Neustadt und einige mehr.<\/p>\t\t\t\t\t\t\t\t<\/div>\n\t\t\t\t<\/div>\n\t\t\t\t<\/div>\n\t\t\t\t\t<\/div>\n\t\t\t\t<\/div>\n\t\t<div class=\"elementor-element elementor-element-12c4f5d e-flex e-con-boxed e-con e-child\" data-id=\"12c4f5d\" data-element_type=\"container\" data-e-type=\"container\" data-settings=\"{&quot;background_background&quot;:&quot;classic&quot;}\">\n\t\t\t\t\t<div class=\"e-con-inner\">\n\t\t<div class=\"elementor-element elementor-element-1e64684 e-con-full e-flex e-con e-child\" data-id=\"1e64684\" data-element_type=\"container\" data-e-type=\"container\">\n\t\t\t\t<div class=\"elementor-element elementor-element-151d390 elementor-widget elementor-widget-text-editor\" data-id=\"151d390\" data-element_type=\"widget\" data-e-type=\"widget\" data-widget_type=\"text-editor.default\">\n\t\t\t\t<div class=\"elementor-widget-container\">\n\t\t\t\t\t\t\t\t\t<p>Mit zahlreichen Nationalen und Internationalen Awards ausgezeichnet:<\/p>\t\t\t\t\t\t\t\t<\/div>\n\t\t\t\t<\/div>\n\t\t\t\t<\/div>\n\t\t<div class=\"elementor-element elementor-element-159463f e-con-full e-flex e-con e-child\" data-id=\"159463f\" data-element_type=\"container\" data-e-type=\"container\">\n\t\t\t\t<div class=\"elementor-element elementor-element-8be1f3e elementor-widget elementor-widget-text-editor\" data-id=\"8be1f3e\" data-element_type=\"widget\" data-e-type=\"widget\" data-widget_type=\"text-editor.default\">\n\t\t\t\t<div class=\"elementor-widget-container\">\n\t\t\t\t\t\t\t\t\t<p>Cannes Direct Lions Gold, Cannes Media Lions Gold, Gold Medal of Montreux, Epica Award, Golden Drum, Media Award, Green Panther, Momentum, BESTSELLER Best Mail, CCA Venus Bronze, WebAd Silber, Creative Business Award.<\/p>\t\t\t\t\t\t\t\t<\/div>\n\t\t\t\t<\/div>\n\t\t\t\t<\/div>\n\t\t\t\t\t<\/div>\n\t\t\t\t<\/div>\n\t\t<div class=\"elementor-element elementor-element-8f6723c e-flex e-con-boxed e-con e-child\" data-id=\"8f6723c\" data-element_type=\"container\" data-e-type=\"container\" data-settings=\"{&quot;background_background&quot;:&quot;classic&quot;}\">\n\t\t\t\t\t<div class=\"e-con-inner\">\n\t\t<div class=\"elementor-element elementor-element-15fb9cb e-con-full e-flex e-con e-child\" data-id=\"15fb9cb\" data-element_type=\"container\" data-e-type=\"container\">\n\t\t\t\t<div class=\"elementor-element elementor-element-70ba4ad elementor-widget elementor-widget-text-editor\" data-id=\"70ba4ad\" data-element_type=\"widget\" data-e-type=\"widget\" data-widget_type=\"text-editor.default\">\n\t\t\t\t<div class=\"elementor-widget-container\">\n\t\t\t\t\t\t\t\t\t<p><b>KONTAKT&#8230;<\/b><\/p>\t\t\t\t\t\t\t\t<\/div>\n\t\t\t\t<\/div>\n\t\t\t\t<\/div>\n\t\t<div class=\"elementor-element elementor-element-ffe53dc e-con-full e-flex e-con e-child\" data-id=\"ffe53dc\" data-element_type=\"container\" data-e-type=\"container\">\n\t\t\t\t<div class=\"elementor-element elementor-element-51bb848 elementor-widget elementor-widget-text-editor\" data-id=\"51bb848\" data-element_type=\"widget\" data-e-type=\"widget\" data-widget_type=\"text-editor.default\">\n\t\t\t\t<div class=\"elementor-widget-container\">\n\t\t\t\t\t\t\t\t\t<p><em>\u201eVerwechseln Sie nicht Lesbarkeit mit Kommunikation.<\/em><\/p><p><em>Nur weil etwas lesbar ist, bedeutet das nicht, dass es etwas kommuniziert<\/em><\/p><p><em>und noch viel wichtiger, es bedeutet nicht, dass es das Richtige kommuniziert.\u201c<\/em><\/p>\t\t\t\t\t\t\t\t<\/div>\n\t\t\t\t<\/div>\n\t\t\t\t<div class=\"elementor-element elementor-element-2f9413e elementor-widget elementor-widget-text-editor\" data-id=\"2f9413e\" data-element_type=\"widget\" data-e-type=\"widget\" data-widget_type=\"text-editor.default\">\n\t\t\t\t<div class=\"elementor-widget-container\">\n\t\t\t\t\t\t\t\t\t<p>David Carson, Designer<\/p>\t\t\t\t\t\t\t\t<\/div>\n\t\t\t\t<\/div>\n\t\t\t\t<\/div>\n\t\t\t\t\t<\/div>\n\t\t\t\t<\/div>\n\t\t\t\t<\/div>\n\t\t\t\t<\/div>\n\t\t","protected":false},"excerpt":{"rendered":"<p>Oliver Wendell Holmes, Sr. (1809 &#8211; 1894), US-amerikanischer Arzt und Essayist Menschen h\u00f6ren nicht auf zu spielen, weil sie alt werden, sie werden alt, weil sie aufh\u00f6ren zu spielen FLUXUS Alexander Kowatschitsch under construction Menschen h\u00f6ren nicht auf zu spielen, weil sie alt werden, sie werden alt, weil sie aufh\u00f6ren zu spielen! Oliver Wendell Holmes, [&hellip;]<\/p>\n","protected":false},"author":1,"featured_media":0,"parent":0,"menu_order":0,"comment_status":"closed","ping_status":"closed","template":"elementor_canvas","meta":{"footnotes":""},"class_list":["post-5274","page","type-page","status-publish","hentry"],"_links":{"self":[{"href":"https:\/\/kowatschitsch.com\/index.php?rest_route=\/wp\/v2\/pages\/5274","targetHints":{"allow":["GET"]}}],"collection":[{"href":"https:\/\/kowatschitsch.com\/index.php?rest_route=\/wp\/v2\/pages"}],"about":[{"href":"https:\/\/kowatschitsch.com\/index.php?rest_route=\/wp\/v2\/types\/page"}],"author":[{"embeddable":true,"href":"https:\/\/kowatschitsch.com\/index.php?rest_route=\/wp\/v2\/users\/1"}],"replies":[{"embeddable":true,"href":"https:\/\/kowatschitsch.com\/index.php?rest_route=%2Fwp%2Fv2%2Fcomments&post=5274"}],"version-history":[{"count":286,"href":"https:\/\/kowatschitsch.com\/index.php?rest_route=\/wp\/v2\/pages\/5274\/revisions"}],"predecessor-version":[{"id":5579,"href":"https:\/\/kowatschitsch.com\/index.php?rest_route=\/wp\/v2\/pages\/5274\/revisions\/5579"}],"wp:attachment":[{"href":"https:\/\/kowatschitsch.com\/index.php?rest_route=%2Fwp%2Fv2%2Fmedia&parent=5274"}],"curies":[{"name":"wp","href":"https:\/\/api.w.org\/{rel}","templated":true}]}}